{"id":1690,"date":"2023-10-03T10:23:54","date_gmt":"2023-10-03T08:23:54","guid":{"rendered":"https:\/\/debrindillesetdeplumes.com\/?page_id=1690"},"modified":"2024-04-27T18:53:16","modified_gmt":"2024-04-27T16:53:16","slug":"bien-etre","status":"publish","type":"page","link":"https:\/\/debrindillesetdeplumes.com\/index.php\/bien-etre\/","title":{"rendered":"Bien-\u00eatre"},"content":{"rendered":"\t\t<div data-elementor-type=\"wp-page\" data-elementor-id=\"1690\" class=\"elementor elementor-1690\">\n\t\t\t\t\t\t<section class=\"elementor-section elementor-top-section elementor-element elementor-element-6edb20f elementor-section-boxed elementor-section-height-default elementor-section-height-default\" data-id=\"6edb20f\" data-element_type=\"section\">\n\t\t\t\t\t\t<div class=\"elementor-container elementor-column-gap-default\">\n\t\t\t\t\t<div class=\"elementor-column elementor-col-100 elementor-top-column elementor-element elementor-element-a5874cd\" data-id=\"a5874cd\" data-element_type=\"column\">\n\t\t\t<div class=\"elementor-widget-wrap elementor-element-populated\">\n\t\t\t\t\t\t<section class=\"elementor-section elementor-inner-section elementor-element elementor-element-7434d04 elementor-section-boxed elementor-section-height-default elementor-section-height-default\" data-id=\"7434d04\" data-element_type=\"section\">\n\t\t\t\t\t\t<div class=\"elementor-container elementor-column-gap-default\">\n\t\t\t\t\t<div class=\"elementor-column elementor-col-50 elementor-inner-column elementor-element elementor-element-8de086e\" data-id=\"8de086e\" data-element_type=\"column\">\n\t\t\t<div class=\"elementor-widget-wrap elementor-element-populated\">\n\t\t\t\t\t\t<div class=\"elementor-element elementor-element-ea8bfa2 elementor-widget elementor-widget-image\" data-id=\"ea8bfa2\" data-element_type=\"widget\" data-widget_type=\"image.default\">\n\t\t\t\t<div class=\"elementor-widget-container\">\n\t\t\t<style>\/*! elementor - v3.23.0 - 05-08-2024 *\/\n.elementor-widget-image{text-align:center}.elementor-widget-image a{display:inline-block}.elementor-widget-image a img[src$=\".svg\"]{width:48px}.elementor-widget-image img{vertical-align:middle;display:inline-block}<\/style>\t\t\t\t\t\t\t\t\t\t<img fetchpriority=\"high\" decoding=\"async\" width=\"768\" height=\"1024\" src=\"https:\/\/debrindillesetdeplumes.com\/wp-content\/uploads\/2023\/10\/IMG_20230902_162857-1-768x1024.jpg\" class=\"attachment-large size-large wp-image-1612\" alt=\"\" srcset=\"https:\/\/debrindillesetdeplumes.com\/wp-content\/uploads\/2023\/10\/IMG_20230902_162857-1-768x1024.jpg 768w, https:\/\/debrindillesetdeplumes.com\/wp-content\/uploads\/2023\/10\/IMG_20230902_162857-1-225x300.jpg 225w, https:\/\/debrindillesetdeplumes.com\/wp-content\/uploads\/2023\/10\/IMG_20230902_162857-1-1152x1536.jpg 1152w, https:\/\/debrindillesetdeplumes.com\/wp-content\/uploads\/2023\/10\/IMG_20230902_162857-1-1536x2048.jpg 1536w, https:\/\/debrindillesetdeplumes.com\/wp-content\/uploads\/2023\/10\/IMG_20230902_162857-1-1320x1760.jpg 1320w, https:\/\/debrindillesetdeplumes.com\/wp-content\/uploads\/2023\/10\/IMG_20230902_162857-1-600x800.jpg 600w, https:\/\/debrindillesetdeplumes.com\/wp-content\/uploads\/2023\/10\/IMG_20230902_162857-1-scaled.jpg 1920w\" sizes=\"(max-width: 768px) 100vw, 768px\" \/>\t\t\t\t\t\t\t\t\t\t\t\t\t<\/div>\n\t\t\t\t<\/div>\n\t\t\t\t\t<\/div>\n\t\t<\/div>\n\t\t\t\t<div class=\"elementor-column elementor-col-50 elementor-inner-column elementor-element elementor-element-b31dc6d\" data-id=\"b31dc6d\" data-element_type=\"column\">\n\t\t\t<div class=\"elementor-widget-wrap elementor-element-populated\">\n\t\t\t\t\t\t<div class=\"elementor-element elementor-element-2a606fc elementor-widget elementor-widget-image\" data-id=\"2a606fc\" data-element_type=\"widget\" data-widget_type=\"image.default\">\n\t\t\t\t<div class=\"elementor-widget-container\">\n\t\t\t\t\t\t\t\t\t\t\t\t\t<img decoding=\"async\" width=\"768\" height=\"1024\" src=\"https:\/\/debrindillesetdeplumes.com\/wp-content\/uploads\/2023\/09\/IMG_20230902_163637-768x1024.jpg\" class=\"attachment-large size-large wp-image-1365\" alt=\"\" srcset=\"https:\/\/debrindillesetdeplumes.com\/wp-content\/uploads\/2023\/09\/IMG_20230902_163637-768x1024.jpg 768w, https:\/\/debrindillesetdeplumes.com\/wp-content\/uploads\/2023\/09\/IMG_20230902_163637-225x300.jpg 225w, https:\/\/debrindillesetdeplumes.com\/wp-content\/uploads\/2023\/09\/IMG_20230902_163637-1152x1536.jpg 1152w, https:\/\/debrindillesetdeplumes.com\/wp-content\/uploads\/2023\/09\/IMG_20230902_163637-1536x2048.jpg 1536w, https:\/\/debrindillesetdeplumes.com\/wp-content\/uploads\/2023\/09\/IMG_20230902_163637-1320x1760.jpg 1320w, https:\/\/debrindillesetdeplumes.com\/wp-content\/uploads\/2023\/09\/IMG_20230902_163637-600x800.jpg 600w, https:\/\/debrindillesetdeplumes.com\/wp-content\/uploads\/2023\/09\/IMG_20230902_163637-scaled.jpg 1920w\" sizes=\"(max-width: 768px) 100vw, 768px\" \/>\t\t\t\t\t\t\t\t\t\t\t\t\t<\/div>\n\t\t\t\t<\/div>\n\t\t\t\t\t<\/div>\n\t\t<\/div>\n\t\t\t\t\t<\/div>\n\t\t<\/section>\n\t\t\t\t\t<\/div>\n\t\t<\/div>\n\t\t\t\t\t<\/div>\n\t\t<\/section>\n\t\t\t\t<section class=\"elementor-section elementor-top-section elementor-element elementor-element-defb0d5 elementor-section-boxed elementor-section-height-default elementor-section-height-default\" data-id=\"defb0d5\" data-element_type=\"section\">\n\t\t\t\t\t\t<div class=\"elementor-container elementor-column-gap-default\">\n\t\t\t\t\t<div class=\"elementor-column elementor-col-100 elementor-top-column elementor-element elementor-element-8a36a84\" data-id=\"8a36a84\" data-element_type=\"column\">\n\t\t\t<div class=\"elementor-widget-wrap elementor-element-populated\">\n\t\t\t\t\t\t<div class=\"elementor-element elementor-element-670b627 elementor-widget elementor-widget-text-editor\" data-id=\"670b627\" data-element_type=\"widget\" data-widget_type=\"text-editor.default\">\n\t\t\t\t<div class=\"elementor-widget-container\">\n\t\t\t<style>\/*! elementor - v3.23.0 - 05-08-2024 *\/\n.elementor-widget-text-editor.elementor-drop-cap-view-stacked .elementor-drop-cap{background-color:#69727d;color:#fff}.elementor-widget-text-editor.elementor-drop-cap-view-framed .elementor-drop-cap{color:#69727d;border:3px solid;background-color:transparent}.elementor-widget-text-editor:not(.elementor-drop-cap-view-default) .elementor-drop-cap{margin-top:8px}.elementor-widget-text-editor:not(.elementor-drop-cap-view-default) .elementor-drop-cap-letter{width:1em;height:1em}.elementor-widget-text-editor .elementor-drop-cap{float:left;text-align:center;line-height:1;font-size:50px}.elementor-widget-text-editor .elementor-drop-cap-letter{display:inline-block}<\/style>\t\t\t\t<p>Des moments cocons pour prendre soin de soi&#8230;<\/p>\t\t\t\t\t\t<\/div>\n\t\t\t\t<\/div>\n\t\t\t\t\t<\/div>\n\t\t<\/div>\n\t\t\t\t\t<\/div>\n\t\t<\/section>\n\t\t\t\t<section class=\"elementor-section elementor-top-section elementor-element elementor-element-dceda46 elementor-section-boxed elementor-section-height-default elementor-section-height-default\" data-id=\"dceda46\" data-element_type=\"section\">\n\t\t\t\t\t\t<div class=\"elementor-container elementor-column-gap-default\">\n\t\t\t\t\t<div class=\"elementor-column elementor-col-100 elementor-top-column elementor-element elementor-element-bacbaa6\" data-id=\"bacbaa6\" data-element_type=\"column\">\n\t\t\t<div class=\"elementor-widget-wrap elementor-element-populated\">\n\t\t\t\t\t\t<div class=\"elementor-element elementor-element-9ac44df elementor-widget elementor-widget-text-editor\" data-id=\"9ac44df\" data-element_type=\"widget\" data-widget_type=\"text-editor.default\">\n\t\t\t\t<div class=\"elementor-widget-container\">\n\t\t\t\t\t\t\t<p><em><strong>Bercements aux tissus &#8211; 45min <\/strong>(\u00e0 partir de 45\u20ac)<\/em><\/p>\t\t\t\t\t\t<\/div>\n\t\t\t\t<\/div>\n\t\t\t\t\t<\/div>\n\t\t<\/div>\n\t\t\t\t\t<\/div>\n\t\t<\/section>\n\t\t\t\t<section class=\"elementor-section elementor-top-section elementor-element elementor-element-c590b29 elementor-section-boxed elementor-section-height-default elementor-section-height-default\" data-id=\"c590b29\" data-element_type=\"section\">\n\t\t\t\t\t\t<div class=\"elementor-container elementor-column-gap-default\">\n\t\t\t\t\t<div class=\"elementor-column elementor-col-100 elementor-top-column elementor-element elementor-element-276e68b\" data-id=\"276e68b\" data-element_type=\"column\">\n\t\t\t<div class=\"elementor-widget-wrap elementor-element-populated\">\n\t\t\t\t\t\t<div class=\"elementor-element elementor-element-e6a56c9 elementor-widget elementor-widget-text-editor\" data-id=\"e6a56c9\" data-element_type=\"widget\" data-widget_type=\"text-editor.default\">\n\t\t\t\t<div class=\"elementor-widget-container\">\n\t\t\t\t\t\t\t<p>Une heure de douceur berc\u00e9s en 7 points par les doux tissus rebozo&#8230;.Pur moment de d\u00e9tente et de rel\u00e2chement des tensions.<\/p>\t\t\t\t\t\t<\/div>\n\t\t\t\t<\/div>\n\t\t\t\t\t<\/div>\n\t\t<\/div>\n\t\t\t\t\t<\/div>\n\t\t<\/section>\n\t\t\t\t<section class=\"elementor-section elementor-top-section elementor-element elementor-element-c62d4f1 elementor-section-boxed elementor-section-height-default elementor-section-height-default\" data-id=\"c62d4f1\" data-element_type=\"section\">\n\t\t\t\t\t\t<div class=\"elementor-container elementor-column-gap-default\">\n\t\t\t\t\t<div class=\"elementor-column elementor-col-100 elementor-top-column elementor-element elementor-element-0c92252\" data-id=\"0c92252\" data-element_type=\"column\">\n\t\t\t<div class=\"elementor-widget-wrap elementor-element-populated\">\n\t\t\t\t\t\t<div class=\"elementor-element elementor-element-3f58797 elementor-widget elementor-widget-text-editor\" data-id=\"3f58797\" data-element_type=\"widget\" data-widget_type=\"text-editor.default\">\n\t\t\t\t<div class=\"elementor-widget-container\">\n\t\t\t\t\t\t\t<p><em><strong>Caresse de plume &#8211; 45 min <\/strong>(45\u20ac) <\/em><\/p>\t\t\t\t\t\t<\/div>\n\t\t\t\t<\/div>\n\t\t\t\t\t<\/div>\n\t\t<\/div>\n\t\t\t\t\t<\/div>\n\t\t<\/section>\n\t\t\t\t<section class=\"elementor-section elementor-top-section elementor-element elementor-element-6b71738 elementor-section-boxed elementor-section-height-default elementor-section-height-default\" data-id=\"6b71738\" data-element_type=\"section\">\n\t\t\t\t\t\t<div class=\"elementor-container elementor-column-gap-default\">\n\t\t\t\t\t<div class=\"elementor-column elementor-col-100 elementor-top-column elementor-element elementor-element-745db3f\" data-id=\"745db3f\" data-element_type=\"column\">\n\t\t\t<div class=\"elementor-widget-wrap elementor-element-populated\">\n\t\t\t\t\t\t<div class=\"elementor-element elementor-element-9cca35b elementor-widget elementor-widget-text-editor\" data-id=\"9cca35b\" data-element_type=\"widget\" data-widget_type=\"text-editor.default\">\n\t\t\t\t<div class=\"elementor-widget-container\">\n\t\t\t\t\t\t\t<p>45min de d\u00e9tente absolue guid\u00e9e par les doux effleurement d&#8217;une plume (visage, dos, bras et jambes). Lib\u00e9ration d&#8217;endorphine garantie.<\/p>\t\t\t\t\t\t<\/div>\n\t\t\t\t<\/div>\n\t\t\t\t\t<\/div>\n\t\t<\/div>\n\t\t\t\t\t<\/div>\n\t\t<\/section>\n\t\t\t\t<section class=\"elementor-section elementor-top-section elementor-element elementor-element-9bf6649 elementor-section-boxed elementor-section-height-default elementor-section-height-default\" data-id=\"9bf6649\" data-element_type=\"section\">\n\t\t\t\t\t\t<div class=\"elementor-container elementor-column-gap-default\">\n\t\t\t\t\t<div class=\"elementor-column elementor-col-100 elementor-top-column elementor-element elementor-element-d6af683\" data-id=\"d6af683\" data-element_type=\"column\">\n\t\t\t<div class=\"elementor-widget-wrap elementor-element-populated\">\n\t\t\t\t\t\t<div class=\"elementor-element elementor-element-ea2bf9e elementor-widget elementor-widget-text-editor\" data-id=\"ea2bf9e\" data-element_type=\"widget\" data-widget_type=\"text-editor.default\">\n\t\t\t\t<div class=\"elementor-widget-container\">\n\t\t\t\t\t\t\t<p><strong><em>Cocon de plume (inspir\u00e9 du soin rituel rebozo) &#8211; 3h <\/em><\/strong><em>(180\u20ac)<\/em><\/p>\t\t\t\t\t\t<\/div>\n\t\t\t\t<\/div>\n\t\t\t\t\t<\/div>\n\t\t<\/div>\n\t\t\t\t\t<\/div>\n\t\t<\/section>\n\t\t\t\t<section class=\"elementor-section elementor-top-section elementor-element elementor-element-241adb6 elementor-section-boxed elementor-section-height-default elementor-section-height-default\" data-id=\"241adb6\" data-element_type=\"section\">\n\t\t\t\t\t\t<div class=\"elementor-container elementor-column-gap-default\">\n\t\t\t\t\t<div class=\"elementor-column elementor-col-100 elementor-top-column elementor-element elementor-element-3c30940\" data-id=\"3c30940\" data-element_type=\"column\">\n\t\t\t<div class=\"elementor-widget-wrap elementor-element-populated\">\n\t\t\t\t\t\t<div class=\"elementor-element elementor-element-b3699ae elementor-widget elementor-widget-text-editor\" data-id=\"b3699ae\" data-element_type=\"widget\" data-widget_type=\"text-editor.default\">\n\t\t\t\t<div class=\"elementor-widget-container\">\n\t\t\t\t\t\t\t<p>Le soin cocon de plume a \u00e9t\u00e9 con\u00e7u pour vous c\u00e9l\u00e9brer dans vos \ndiff\u00e9rents passages de vie. Inspir\u00e9 du soin rituel rebozo, vous pourrez \nprofiter d&#8217;une boisson chaude, d&#8217;un massage intuitif et d&#8217;un bain chaud \navant un serrage en diff\u00e9rents points avec les tissus rebozo.<\/p>\t\t\t\t\t\t<\/div>\n\t\t\t\t<\/div>\n\t\t\t\t\t<\/div>\n\t\t<\/div>\n\t\t\t\t\t<\/div>\n\t\t<\/section>\n\t\t\t\t<\/div>\n\t\t","protected":false},"excerpt":{"rendered":"<p>Des moments cocons pour prendre soin de soi&#8230; Bercements aux tissus &#8211; 45min (\u00e0 partir de 45\u20ac) Une heure de douceur berc\u00e9s en 7 points par les doux tissus rebozo&#8230;.Pur moment de d\u00e9tente et de rel\u00e2chement des tensions. Caresse de plume &#8211; 45 min (45\u20ac) 45min de d\u00e9tente absolue guid\u00e9e par les doux effleurement d&#8217;une [&hellip;]<\/p>\n","protected":false},"author":1,"featured_media":0,"parent":0,"menu_order":0,"comment_status":"closed","ping_status":"closed","template":"","meta":{"om_disable_all_campaigns":false,"ocean_post_layout":"","ocean_both_sidebars_style":"","ocean_both_sidebars_content_width":0,"ocean_both_sidebars_sidebars_width":0,"ocean_sidebar":"","ocean_second_sidebar":"","ocean_disable_margins":"enable","ocean_add_body_class":"","ocean_shortcode_before_top_bar":"","ocean_shortcode_after_top_bar":"","ocean_shortcode_before_header":"","ocean_shortcode_after_header":"","ocean_has_shortcode":"","ocean_shortcode_after_title":"","ocean_shortcode_before_footer_widgets":"","ocean_shortcode_after_footer_widgets":"","ocean_shortcode_before_footer_bottom":"","ocean_shortcode_after_footer_bottom":"","ocean_display_top_bar":"default","ocean_display_header":"default","ocean_header_style":"","ocean_center_header_left_menu":"","ocean_custom_header_template":"","ocean_custom_logo":0,"ocean_custom_retina_logo":0,"ocean_custom_logo_max_width":0,"ocean_custom_logo_tablet_max_width":0,"ocean_custom_logo_mobile_max_width":0,"ocean_custom_logo_max_height":0,"ocean_custom_logo_tablet_max_height":0,"ocean_custom_logo_mobile_max_height":0,"ocean_header_custom_menu":"","ocean_menu_typo_font_family":"","ocean_menu_typo_font_subset":"","ocean_menu_typo_font_size":0,"ocean_menu_typo_font_size_tablet":0,"ocean_menu_typo_font_size_mobile":0,"ocean_menu_typo_font_size_unit":"px","ocean_menu_typo_font_weight":"","ocean_menu_typo_font_weight_tablet":"","ocean_menu_typo_font_weight_mobile":"","ocean_menu_typo_transform":"","ocean_menu_typo_transform_tablet":"","ocean_menu_typo_transform_mobile":"","ocean_menu_typo_line_height":0,"ocean_menu_typo_line_height_tablet":0,"ocean_menu_typo_line_height_mobile":0,"ocean_menu_typo_line_height_unit":"","ocean_menu_typo_spacing":0,"ocean_menu_typo_spacing_tablet":0,"ocean_menu_typo_spacing_mobile":0,"ocean_menu_typo_spacing_unit":"","ocean_menu_link_color":"","ocean_menu_link_color_hover":"","ocean_menu_link_color_active":"","ocean_menu_link_background":"","ocean_menu_link_hover_background":"","ocean_menu_link_active_background":"","ocean_menu_social_links_bg":"","ocean_menu_social_hover_links_bg":"","ocean_menu_social_links_color":"","ocean_menu_social_hover_links_color":"","ocean_disable_title":"default","ocean_disable_heading":"default","ocean_post_title":"","ocean_post_subheading":"","ocean_post_title_style":"","ocean_post_title_background_color":"","ocean_post_title_background":0,"ocean_post_title_bg_image_position":"","ocean_post_title_bg_image_attachment":"","ocean_post_title_bg_image_repeat":"","ocean_post_title_bg_image_size":"","ocean_post_title_height":0,"ocean_post_title_bg_overlay":0.5,"ocean_post_title_bg_overlay_color":"","ocean_disable_breadcrumbs":"default","ocean_breadcrumbs_color":"","ocean_breadcrumbs_separator_color":"","ocean_breadcrumbs_links_color":"","ocean_breadcrumbs_links_hover_color":"","ocean_display_footer_widgets":"default","ocean_display_footer_bottom":"default","ocean_custom_footer_template":""},"aioseo_notices":[],"_links":{"self":[{"href":"https:\/\/debrindillesetdeplumes.com\/index.php\/wp-json\/wp\/v2\/pages\/1690"}],"collection":[{"href":"https:\/\/debrindillesetdeplumes.com\/index.php\/wp-json\/wp\/v2\/pages"}],"about":[{"href":"https:\/\/debrindillesetdeplumes.com\/index.php\/wp-json\/wp\/v2\/types\/page"}],"author":[{"embeddable":true,"href":"https:\/\/debrindillesetdeplumes.com\/index.php\/wp-json\/wp\/v2\/users\/1"}],"replies":[{"embeddable":true,"href":"https:\/\/debrindillesetdeplumes.com\/index.php\/wp-json\/wp\/v2\/comments?post=1690"}],"version-history":[{"count":10,"href":"https:\/\/debrindillesetdeplumes.com\/index.php\/wp-json\/wp\/v2\/pages\/1690\/revisions"}],"predecessor-version":[{"id":1873,"href":"https:\/\/debrindillesetdeplumes.com\/index.php\/wp-json\/wp\/v2\/pages\/1690\/revisions\/1873"}],"wp:attachment":[{"href":"https:\/\/debrindillesetdeplumes.com\/index.php\/wp-json\/wp\/v2\/media?parent=1690"}],"curies":[{"name":"wp","href":"https:\/\/api.w.org\/{rel}","templated":true}]}}