{"id":1427,"date":"2023-09-14T09:37:08","date_gmt":"2023-09-14T07:37:08","guid":{"rendered":"https:\/\/debrindillesetdeplumes.com\/?post_type=product&#038;p=1427"},"modified":"2024-12-21T11:03:03","modified_gmt":"2024-12-21T10:03:03","slug":"bracelet-la-grossesse-au-rythme-des-saisons-interieures","status":"publish","type":"product","link":"https:\/\/debrindillesetdeplumes.com\/index.php\/product\/bracelet-la-grossesse-au-rythme-des-saisons-interieures\/","title":{"rendered":"Bracelet saisons ambre"},"content":{"rendered":"<p>Ce bracelet a \u00e9t\u00e9 con\u00e7u pour naviguer vos passages de vie au rythme de vos saisons int\u00e9rieures. Il peut \u00eatre utilis\u00e9 pour :<\/p>\n<p>&#8211; se rep\u00e9rer au travers des diff\u00e9rentes saisons int\u00e9rieures travers\u00e9es lors du cycle menstruel<\/p>\n<p>&#8211; vivre sa grossesse en conscience en restant connect\u00e9e aux \u00e9nergies de chaque trimestre<\/p>\n<p>&#8211; naviguer sa m\u00e9nopause en conscience au rythme de nos saisons int\u00e9rieures<\/p>\n<p>Un petit livret est fourni pour vous guider dans ce(s) voyage(s).<\/p>\n<p>&nbsp;<\/p>\n<p><em>Ce bracelet est en pierres naturelles avec chacune une couleur unique. Les nuances de couleur des pierres du produit peuvent varier d&#8217;un produit \u00e0 l&#8217;autre. Produit artisanal tiss\u00e9 \u00e0 la main avec amour dans le Comminges.<\/em><\/p>\n","protected":false},"excerpt":{"rendered":"<p>Bracelet en pierres naturelles pour naviguer sa grossesse en conscience et en confiance (pierre de lune, ambre, jaspe rouge, amazonite). Les perles en bois fossilis\u00e9 repr\u00e9sentent les deux parents et la perle d&#8217;ambre le b\u00e9b\u00e9.<\/p>\n","protected":false},"featured_media":1428,"comment_status":"open","ping_status":"closed","template":"","meta":{"om_disable_all_campaigns":false,"ocean_post_layout":"","ocean_both_sidebars_style":"","ocean_both_sidebars_content_width":0,"ocean_both_sidebars_sidebars_width":0,"ocean_sidebar":"0","ocean_second_sidebar":"0","ocean_disable_margins":"enable","ocean_add_body_class":"","ocean_shortcode_before_top_bar":"","ocean_shortcode_after_top_bar":"","ocean_shortcode_before_header":"","ocean_shortcode_after_header":"","ocean_has_shortcode":"","ocean_shortcode_after_title":"","ocean_shortcode_before_footer_widgets":"","ocean_shortcode_after_footer_widgets":"","ocean_shortcode_before_footer_bottom":"","ocean_shortcode_after_footer_bottom":"","ocean_display_top_bar":"default","ocean_display_header":"default","ocean_header_style":"","ocean_center_header_left_menu":"0","ocean_custom_header_template":"0","ocean_custom_logo":0,"ocean_custom_retina_logo":0,"ocean_custom_logo_max_width":0,"ocean_custom_logo_tablet_max_width":0,"ocean_custom_logo_mobile_max_width":0,"ocean_custom_logo_max_height":0,"ocean_custom_logo_tablet_max_height":0,"ocean_custom_logo_mobile_max_height":0,"ocean_header_custom_menu":"0","ocean_menu_typo_font_family":"0","ocean_menu_typo_font_subset":"","ocean_menu_typo_font_size":0,"ocean_menu_typo_font_size_tablet":0,"ocean_menu_typo_font_size_mobile":0,"ocean_menu_typo_font_size_unit":"px","ocean_menu_typo_font_weight":"","ocean_menu_typo_font_weight_tablet":"","ocean_menu_typo_font_weight_mobile":"","ocean_menu_typo_transform":"","ocean_menu_typo_transform_tablet":"","ocean_menu_typo_transform_mobile":"","ocean_menu_typo_line_height":0,"ocean_menu_typo_line_height_tablet":0,"ocean_menu_typo_line_height_mobile":0,"ocean_menu_typo_line_height_unit":"","ocean_menu_typo_spacing":0,"ocean_menu_typo_spacing_tablet":0,"ocean_menu_typo_spacing_mobile":0,"ocean_menu_typo_spacing_unit":"","ocean_menu_link_color":"","ocean_menu_link_color_hover":"","ocean_menu_link_color_active":"","ocean_menu_link_background":"","ocean_menu_link_hover_background":"","ocean_menu_link_active_background":"","ocean_menu_social_links_bg":"","ocean_menu_social_hover_links_bg":"","ocean_menu_social_links_color":"","ocean_menu_social_hover_links_color":"","ocean_disable_title":"default","ocean_disable_heading":"default","ocean_post_title":"","ocean_post_subheading":"","ocean_post_title_style":"","ocean_post_title_background_color":"","ocean_post_title_background":0,"ocean_post_title_bg_image_position":"","ocean_post_title_bg_image_attachment":"","ocean_post_title_bg_image_repeat":"","ocean_post_title_bg_image_size":"","ocean_post_title_height":0,"ocean_post_title_bg_overlay":0.5,"ocean_post_title_bg_overlay_color":"","ocean_disable_breadcrumbs":"default","ocean_breadcrumbs_color":"","ocean_breadcrumbs_separator_color":"","ocean_breadcrumbs_links_color":"","ocean_breadcrumbs_links_hover_color":"","ocean_display_footer_widgets":"default","ocean_display_footer_bottom":"default","ocean_custom_footer_template":"0"},"product_cat":[32],"product_tag":[],"aioseo_notices":[],"_links":{"self":[{"href":"https:\/\/debrindillesetdeplumes.com\/index.php\/wp-json\/wp\/v2\/product\/1427"}],"collection":[{"href":"https:\/\/debrindillesetdeplumes.com\/index.php\/wp-json\/wp\/v2\/product"}],"about":[{"href":"https:\/\/debrindillesetdeplumes.com\/index.php\/wp-json\/wp\/v2\/types\/product"}],"replies":[{"embeddable":true,"href":"https:\/\/debrindillesetdeplumes.com\/index.php\/wp-json\/wp\/v2\/comments?post=1427"}],"wp:featuredmedia":[{"embeddable":true,"href":"https:\/\/debrindillesetdeplumes.com\/index.php\/wp-json\/wp\/v2\/media\/1428"}],"wp:attachment":[{"href":"https:\/\/debrindillesetdeplumes.com\/index.php\/wp-json\/wp\/v2\/media?parent=1427"}],"wp:term":[{"taxonomy":"product_cat","embeddable":true,"href":"https:\/\/debrindillesetdeplumes.com\/index.php\/wp-json\/wp\/v2\/product_cat?post=1427"},{"taxonomy":"product_tag","embeddable":true,"href":"https:\/\/debrindillesetdeplumes.com\/index.php\/wp-json\/wp\/v2\/product_tag?post=1427"}],"curies":[{"name":"wp","href":"https:\/\/api.w.org\/{rel}","templated":true}]}}