{"id":1853,"date":"2023-12-09T15:09:43","date_gmt":"2023-12-09T14:09:43","guid":{"rendered":"https:\/\/debrindillesetdeplumes.com\/?post_type=product&#038;p=1853"},"modified":"2024-12-21T11:06:03","modified_gmt":"2024-12-21T10:06:03","slug":"bougie-roue-des-saisons","status":"publish","type":"product","link":"https:\/\/debrindillesetdeplumes.com\/index.php\/product\/bougie-roue-des-saisons\/","title":{"rendered":"Bougie roue des saisons"},"content":{"rendered":"<p>Bougie en cire de soja naturelle et m\u00e8che papier qui ne d\u00e9gage pas de produits toxiques lors de sa combustion.<\/p>\n<p>Non parfum\u00e9e.<\/p>\n<p>Avec des pierres naturelles pour repr\u00e9senter les \u00e9nergies de chaque saisons et naviguer en conscience au rythme nos<!--more--> saisons int\u00e9rieures.<\/p>\n<p>Amazonite : hiver<\/p>\n<p>Am\u00e9thyste : printemps<\/p>\n<p>Agate rouge : \u00e9t\u00e9<\/p>\n<p>Oeil de tigre : automne<\/p>\n","protected":false},"excerpt":{"rendered":"<p>Bougie en cire de soja naturelle et m\u00e8che papier qui ne d\u00e9gage pas de produits toxiques lors de sa combustion. Non parfum\u00e9e. Avec des pierres naturelles pour repr\u00e9senter les \u00e9nergies de chaque saisons et naviguer en conscience au rythme nos<\/p>\n","protected":false},"featured_media":1854,"comment_status":"open","ping_status":"closed","template":"","meta":{"om_disable_all_campaigns":false,"ocean_post_layout":"","ocean_both_sidebars_style":"","ocean_both_sidebars_content_width":0,"ocean_both_sidebars_sidebars_width":0,"ocean_sidebar":"0","ocean_second_sidebar":"0","ocean_disable_margins":"enable","ocean_add_body_class":"","ocean_shortcode_before_top_bar":"","ocean_shortcode_after_top_bar":"","ocean_shortcode_before_header":"","ocean_shortcode_after_header":"","ocean_has_shortcode":"","ocean_shortcode_after_title":"","ocean_shortcode_before_footer_widgets":"","ocean_shortcode_after_footer_widgets":"","ocean_shortcode_before_footer_bottom":"","ocean_shortcode_after_footer_bottom":"","ocean_display_top_bar":"default","ocean_display_header":"default","ocean_header_style":"","ocean_center_header_left_menu":"0","ocean_custom_header_template":"0","ocean_custom_logo":0,"ocean_custom_retina_logo":0,"ocean_custom_logo_max_width":0,"ocean_custom_logo_tablet_max_width":0,"ocean_custom_logo_mobile_max_width":0,"ocean_custom_logo_max_height":0,"ocean_custom_logo_tablet_max_height":0,"ocean_custom_logo_mobile_max_height":0,"ocean_header_custom_menu":"0","ocean_menu_typo_font_family":"0","ocean_menu_typo_font_subset":"","ocean_menu_typo_font_size":0,"ocean_menu_typo_font_size_tablet":0,"ocean_menu_typo_font_size_mobile":0,"ocean_menu_typo_font_size_unit":"px","ocean_menu_typo_font_weight":"","ocean_menu_typo_font_weight_tablet":"","ocean_menu_typo_font_weight_mobile":"","ocean_menu_typo_transform":"","ocean_menu_typo_transform_tablet":"","ocean_menu_typo_transform_mobile":"","ocean_menu_typo_line_height":0,"ocean_menu_typo_line_height_tablet":0,"ocean_menu_typo_line_height_mobile":0,"ocean_menu_typo_line_height_unit":"","ocean_menu_typo_spacing":0,"ocean_menu_typo_spacing_tablet":0,"ocean_menu_typo_spacing_mobile":0,"ocean_menu_typo_spacing_unit":"","ocean_menu_link_color":"","ocean_menu_link_color_hover":"","ocean_menu_link_color_active":"","ocean_menu_link_background":"","ocean_menu_link_hover_background":"","ocean_menu_link_active_background":"","ocean_menu_social_links_bg":"","ocean_menu_social_hover_links_bg":"","ocean_menu_social_links_color":"","ocean_menu_social_hover_links_color":"","ocean_disable_title":"default","ocean_disable_heading":"default","ocean_post_title":"","ocean_post_subheading":"","ocean_post_title_style":"","ocean_post_title_background_color":"","ocean_post_title_background":0,"ocean_post_title_bg_image_position":"","ocean_post_title_bg_image_attachment":"","ocean_post_title_bg_image_repeat":"","ocean_post_title_bg_image_size":"","ocean_post_title_height":0,"ocean_post_title_bg_overlay":0.5,"ocean_post_title_bg_overlay_color":"","ocean_disable_breadcrumbs":"default","ocean_breadcrumbs_color":"","ocean_breadcrumbs_separator_color":"","ocean_breadcrumbs_links_color":"","ocean_breadcrumbs_links_hover_color":"","ocean_display_footer_widgets":"default","ocean_display_footer_bottom":"default","ocean_custom_footer_template":"0"},"product_cat":[36],"product_tag":[],"aioseo_notices":[],"_links":{"self":[{"href":"https:\/\/debrindillesetdeplumes.com\/index.php\/wp-json\/wp\/v2\/product\/1853"}],"collection":[{"href":"https:\/\/debrindillesetdeplumes.com\/index.php\/wp-json\/wp\/v2\/product"}],"about":[{"href":"https:\/\/debrindillesetdeplumes.com\/index.php\/wp-json\/wp\/v2\/types\/product"}],"replies":[{"embeddable":true,"href":"https:\/\/debrindillesetdeplumes.com\/index.php\/wp-json\/wp\/v2\/comments?post=1853"}],"wp:featuredmedia":[{"embeddable":true,"href":"https:\/\/debrindillesetdeplumes.com\/index.php\/wp-json\/wp\/v2\/media\/1854"}],"wp:attachment":[{"href":"https:\/\/debrindillesetdeplumes.com\/index.php\/wp-json\/wp\/v2\/media?parent=1853"}],"wp:term":[{"taxonomy":"product_cat","embeddable":true,"href":"https:\/\/debrindillesetdeplumes.com\/index.php\/wp-json\/wp\/v2\/product_cat?post=1853"},{"taxonomy":"product_tag","embeddable":true,"href":"https:\/\/debrindillesetdeplumes.com\/index.php\/wp-json\/wp\/v2\/product_tag?post=1853"}],"curies":[{"name":"wp","href":"https:\/\/api.w.org\/{rel}","templated":true}]}}