{"id":1878,"date":"2024-12-21T10:20:22","date_gmt":"2024-12-21T09:20:22","guid":{"rendered":"https:\/\/debrindillesetdeplumes.com\/?post_type=product&#038;p=1878"},"modified":"2025-01-18T23:16:48","modified_gmt":"2025-01-18T22:16:48","slug":"mandala-lunaire-bleu-lune","status":"publish","type":"product","link":"https:\/\/debrindillesetdeplumes.com\/index.php\/product\/mandala-lunaire-bleu-lune\/","title":{"rendered":"Mandala Lunaire Bleu Lune"},"content":{"rendered":"<p>Le mandala lunaire est un v\u00e9ritable outil de connaissance de soi. A la fois agenda, journal intime, calendrier lunaire,&#8230;Il permet de vivre en connexion avec les cycles de la nature. Il est aussi un vrai support pour comprendre et vivre en conscience sa vie de femme cyclique des premi\u00e8res lunes \u00e0 la m\u00e9nopause <a href=\"https:\/\/debrindillesetdeplumes.com\/?attachment_id=1879\" rel=\"attachment wp-att-1879\"><img fetchpriority=\"high\" decoding=\"async\" class=\"alignnone size-medium wp-image-1879\" src=\"http:\/\/debrindillesetdeplumes.com\/wp-content\/uploads\/2024\/12\/20241221_101548-225x300.jpg\" alt=\"\" width=\"225\" height=\"300\" srcset=\"https:\/\/debrindillesetdeplumes.com\/wp-content\/uploads\/2024\/12\/20241221_101548-225x300.jpg 225w, https:\/\/debrindillesetdeplumes.com\/wp-content\/uploads\/2024\/12\/20241221_101548-768x1024.jpg 768w, https:\/\/debrindillesetdeplumes.com\/wp-content\/uploads\/2024\/12\/20241221_101548-1152x1536.jpg 1152w, https:\/\/debrindillesetdeplumes.com\/wp-content\/uploads\/2024\/12\/20241221_101548-1536x2048.jpg 1536w, https:\/\/debrindillesetdeplumes.com\/wp-content\/uploads\/2024\/12\/20241221_101548-1320x1760.jpg 1320w, https:\/\/debrindillesetdeplumes.com\/wp-content\/uploads\/2024\/12\/20241221_101548-600x800.jpg 600w, https:\/\/debrindillesetdeplumes.com\/wp-content\/uploads\/2024\/12\/20241221_101548-scaled.jpg 1920w\" sizes=\"(max-width: 225px) 100vw, 225px\" \/><\/a> <img decoding=\"async\" class=\"alignnone size-medium wp-image-1880\" src=\"http:\/\/debrindillesetdeplumes.com\/wp-content\/uploads\/2024\/12\/20241221_101628-225x300.jpg\" alt=\"\" width=\"225\" height=\"300\" srcset=\"https:\/\/debrindillesetdeplumes.com\/wp-content\/uploads\/2024\/12\/20241221_101628-225x300.jpg 225w, https:\/\/debrindillesetdeplumes.com\/wp-content\/uploads\/2024\/12\/20241221_101628-768x1024.jpg 768w, https:\/\/debrindillesetdeplumes.com\/wp-content\/uploads\/2024\/12\/20241221_101628-1152x1536.jpg 1152w, https:\/\/debrindillesetdeplumes.com\/wp-content\/uploads\/2024\/12\/20241221_101628-1536x2048.jpg 1536w, https:\/\/debrindillesetdeplumes.com\/wp-content\/uploads\/2024\/12\/20241221_101628-1320x1760.jpg 1320w, https:\/\/debrindillesetdeplumes.com\/wp-content\/uploads\/2024\/12\/20241221_101628-600x800.jpg 600w, https:\/\/debrindillesetdeplumes.com\/wp-content\/uploads\/2024\/12\/20241221_101628-scaled.jpg 1920w\" sizes=\"(max-width: 225px) 100vw, 225px\" \/>et propose des outils concrets comme le diagramme lunaire pour s\u2019y connecter et s\u2019auto-observer.<\/p>\n","protected":false},"excerpt":{"rendered":"<p>Le mandala lunaire est un v\u00e9ritable outil de connaissance de soi. A la fois agenda, journal intime, calendrier lunaire,&#8230;Il permet de vivre en connexion avec les cycles de la nature. Il est aussi un vrai support pour comprendre et vivre en conscience sa vie de femme cyclique des premi\u00e8res lunes \u00e0 la m\u00e9nopause et propose [&hellip;]<\/p>\n","protected":false},"featured_media":1879,"comment_status":"open","ping_status":"closed","template":"","meta":{"om_disable_all_campaigns":false,"ocean_post_layout":"","ocean_both_sidebars_style":"","ocean_both_sidebars_content_width":0,"ocean_both_sidebars_sidebars_width":0,"ocean_sidebar":"0","ocean_second_sidebar":"0","ocean_disable_margins":"enable","ocean_add_body_class":"","ocean_shortcode_before_top_bar":"","ocean_shortcode_after_top_bar":"","ocean_shortcode_before_header":"","ocean_shortcode_after_header":"","ocean_has_shortcode":"","ocean_shortcode_after_title":"","ocean_shortcode_before_footer_widgets":"","ocean_shortcode_after_footer_widgets":"","ocean_shortcode_before_footer_bottom":"","ocean_shortcode_after_footer_bottom":"","ocean_display_top_bar":"default","ocean_display_header":"default","ocean_header_style":"","ocean_center_header_left_menu":"0","ocean_custom_header_template":"0","ocean_custom_logo":0,"ocean_custom_retina_logo":0,"ocean_custom_logo_max_width":0,"ocean_custom_logo_tablet_max_width":0,"ocean_custom_logo_mobile_max_width":0,"ocean_custom_logo_max_height":0,"ocean_custom_logo_tablet_max_height":0,"ocean_custom_logo_mobile_max_height":0,"ocean_header_custom_menu":"0","ocean_menu_typo_font_family":"0","ocean_menu_typo_font_subset":"","ocean_menu_typo_font_size":0,"ocean_menu_typo_font_size_tablet":0,"ocean_menu_typo_font_size_mobile":0,"ocean_menu_typo_font_size_unit":"px","ocean_menu_typo_font_weight":"","ocean_menu_typo_font_weight_tablet":"","ocean_menu_typo_font_weight_mobile":"","ocean_menu_typo_transform":"","ocean_menu_typo_transform_tablet":"","ocean_menu_typo_transform_mobile":"","ocean_menu_typo_line_height":0,"ocean_menu_typo_line_height_tablet":0,"ocean_menu_typo_line_height_mobile":0,"ocean_menu_typo_line_height_unit":"","ocean_menu_typo_spacing":0,"ocean_menu_typo_spacing_tablet":0,"ocean_menu_typo_spacing_mobile":0,"ocean_menu_typo_spacing_unit":"","ocean_menu_link_color":"","ocean_menu_link_color_hover":"","ocean_menu_link_color_active":"","ocean_menu_link_background":"","ocean_menu_link_hover_background":"","ocean_menu_link_active_background":"","ocean_menu_social_links_bg":"","ocean_menu_social_hover_links_bg":"","ocean_menu_social_links_color":"","ocean_menu_social_hover_links_color":"","ocean_disable_title":"default","ocean_disable_heading":"default","ocean_post_title":"","ocean_post_subheading":"","ocean_post_title_style":"","ocean_post_title_background_color":"","ocean_post_title_background":0,"ocean_post_title_bg_image_position":"","ocean_post_title_bg_image_attachment":"","ocean_post_title_bg_image_repeat":"","ocean_post_title_bg_image_size":"","ocean_post_title_height":0,"ocean_post_title_bg_overlay":0.5,"ocean_post_title_bg_overlay_color":"","ocean_disable_breadcrumbs":"default","ocean_breadcrumbs_color":"","ocean_breadcrumbs_separator_color":"","ocean_breadcrumbs_links_color":"","ocean_breadcrumbs_links_hover_color":"","ocean_display_footer_widgets":"default","ocean_display_footer_bottom":"default","ocean_custom_footer_template":"0"},"product_cat":[15],"product_tag":[37],"aioseo_notices":[],"_links":{"self":[{"href":"https:\/\/debrindillesetdeplumes.com\/index.php\/wp-json\/wp\/v2\/product\/1878"}],"collection":[{"href":"https:\/\/debrindillesetdeplumes.com\/index.php\/wp-json\/wp\/v2\/product"}],"about":[{"href":"https:\/\/debrindillesetdeplumes.com\/index.php\/wp-json\/wp\/v2\/types\/product"}],"replies":[{"embeddable":true,"href":"https:\/\/debrindillesetdeplumes.com\/index.php\/wp-json\/wp\/v2\/comments?post=1878"}],"wp:featuredmedia":[{"embeddable":true,"href":"https:\/\/debrindillesetdeplumes.com\/index.php\/wp-json\/wp\/v2\/media\/1879"}],"wp:attachment":[{"href":"https:\/\/debrindillesetdeplumes.com\/index.php\/wp-json\/wp\/v2\/media?parent=1878"}],"wp:term":[{"taxonomy":"product_cat","embeddable":true,"href":"https:\/\/debrindillesetdeplumes.com\/index.php\/wp-json\/wp\/v2\/product_cat?post=1878"},{"taxonomy":"product_tag","embeddable":true,"href":"https:\/\/debrindillesetdeplumes.com\/index.php\/wp-json\/wp\/v2\/product_tag?post=1878"}],"curies":[{"name":"wp","href":"https:\/\/api.w.org\/{rel}","templated":true}]}}